{"id":5414,"date":"2023-12-28T18:05:16","date_gmt":"2023-12-28T18:05:16","guid":{"rendered":"https:\/\/chuncholodge.com\/es\/?post_type=product&#038;p=5414"},"modified":"2026-03-12T03:43:34","modified_gmt":"2026-03-12T03:43:34","slug":"experiencia-unica-en-3-dias-collpa-de-guacamayos-y-lago-sandoval","status":"publish","type":"product","link":"https:\/\/chuncholodge.com\/es\/paquetes\/experiencia-unica-en-3-dias-collpa-de-guacamayos-y-lago-sandoval\/","title":{"rendered":"Experiencia \u00fanica en 3  dias &#8211; Collpa de guacamayos  y Lago Sandoval"},"content":{"rendered":"<p style=\"padding-left: 40px;\">El viaje est\u00e1 lleno de actividades, visitar\u00e1 la torre de dosel m\u00e1s alta de Madre de Dios, la collpa de guacamayos m\u00e1s grande del mundo y el Lago Sandoval. \u00a1Todo en 3 d\u00edas completos!<br \/>\n<!--more--><\/p>\n<table class=\"table table-bordered tours-tabs__table\" style=\"height: 233px;\" width=\"862\">\n<tbody>\n<tr>\n<td><strong>SALIDA\/RETORNO<\/strong><\/td>\n<td>Puerto Maldonado<\/td>\n<\/tr>\n<tr>\n<td><strong>HORA DE SALIDA<\/strong><\/td>\n<td>Por favor llegue 1 hora antes<\/td>\n<\/tr>\n<tr>\n<td><strong>VESTIMENTA<\/strong><\/td>\n<td>Ropa c\u00f3moda y ligera, botas de monta\u00f1a, repelente de insectos y protector solar<\/td>\n<\/tr>\n<tr>\n<td><strong>INCLUYE<\/strong><\/td>\n<td>\n<table class=\"table table-bordered\" style=\"height: 62px;\" width=\"300\">\n<tbody>\n<tr>\n<td><i class=\"fa fa-check icon-tick icon-tick--on\"><\/i>Gu\u00eda Profesional<\/td>\n<td><i class=\"fa fa-check icon-tick icon-tick--on\"><\/i>Transporte terrestre y fluvial<\/td>\n<\/tr>\n<tr>\n<td><i class=\"fa fa-check icon-tick icon-tick--on\"><\/i>Entradas para la Reserva Nacional Tambopata y Parque (US$25)<\/td>\n<td><i class=\"fa fa-check icon-tick icon-tick--on\"><\/i>Todas las comidas<\/td>\n<\/tr>\n<tr>\n<td><i class=\"fa fa-check icon-tick icon-tick--on\"><\/i>Alojamiento<\/td>\n<td><\/td>\n<\/tr>\n<\/tbody>\n<\/table>\n<\/td>\n<\/tr>\n<tr>\n<td><b>NO INCLUYE<\/b><\/td>\n<td>\n<table class=\"table table-bordered\" style=\"height: 62px;\" width=\"300\">\n<tbody>\n<tr>\n<td><i class=\"fa fa-times icon-tick icon-tick--off\"><\/i>Equipamiento<\/td>\n<\/tr>\n<tr>\n<td><i class=\"fa fa-times icon-tick icon-tick--off\"><\/i>Propinas<\/td>\n<\/tr>\n<tr>\n<td><i class=\"fa fa-times icon-tick icon-tick--off\"><\/i>Bebidas alcoh\u00f3licas<\/td>\n<\/tr>\n<\/tbody>\n<\/table>\n<\/td>\n<\/tr>\n<tr>\n<td><b>RECOMENDACIONES<\/b><\/td>\n<td>\n<table class=\"table table-bordered\" style=\"height: 62px;\" width=\"300\">\n<tbody>\n<tr>\n<td><i class=\"fa fa-check icon-tick icon-tick--on\"><\/i>Usar ropa ligera<\/td>\n<\/tr>\n<tr>\n<td><i class=\"fa fa-check icon-tick icon-tick--on\"><\/i>Traje de ba\u00f1o<\/td>\n<\/tr>\n<tr>\n<td><i class=\"fa fa-check icon-tick icon-tick--on\"><\/i>Flashlight<\/td>\n<\/tr>\n<tr>\n<td><i class=\"fa fa-check icon-tick icon-tick--on\"><\/i>Repelente de insectos y bloqueador<\/td>\n<\/tr>\n<tr>\n<td><i class=\"fa fa-check icon-tick icon-tick--on\"><\/i>Poncho para lluvia<\/td>\n<\/tr>\n<tr>\n<td><i class=\"fa fa-check icon-tick icon-tick--on\"><\/i>Botella de agua<\/td>\n<\/tr>\n<\/tbody>\n<\/table>\n<\/td>\n<\/tr>\n<\/tbody>\n<\/table>\n","protected":false},"excerpt":{"rendered":"<p>El viaje est\u00e1 lleno de actividades, visitar\u00e1 la torre de dosel m\u00e1s alta de Madre de Dios, la collpa de guacamayos m\u00e1s grande del mundo y el Lago Sandoval. \u00a1Todo en 3 d\u00edas completos!<\/p>\n","protected":false},"featured_media":5446,"comment_status":"open","ping_status":"closed","template":"","meta":[],"product_brand":[],"product_cat":[106],"product_tag":[],"class_list":{"0":"post-5414","1":"product","2":"type-product","3":"status-publish","4":"has-post-thumbnail","6":"product_cat-sin-categoria","8":"first","9":"instock","10":"featured","11":"shipping-taxable","12":"purchasable","13":"product-type-tour"},"_links":{"self":[{"href":"https:\/\/chuncholodge.com\/es\/wp-json\/wp\/v2\/product\/5414","targetHints":{"allow":["GET"]}}],"collection":[{"href":"https:\/\/chuncholodge.com\/es\/wp-json\/wp\/v2\/product"}],"about":[{"href":"https:\/\/chuncholodge.com\/es\/wp-json\/wp\/v2\/types\/product"}],"replies":[{"embeddable":true,"href":"https:\/\/chuncholodge.com\/es\/wp-json\/wp\/v2\/comments?post=5414"}],"wp:featuredmedia":[{"embeddable":true,"href":"https:\/\/chuncholodge.com\/es\/wp-json\/wp\/v2\/media\/5446"}],"wp:attachment":[{"href":"https:\/\/chuncholodge.com\/es\/wp-json\/wp\/v2\/media?parent=5414"}],"wp:term":[{"taxonomy":"product_brand","embeddable":true,"href":"https:\/\/chuncholodge.com\/es\/wp-json\/wp\/v2\/product_brand?post=5414"},{"taxonomy":"product_cat","embeddable":true,"href":"https:\/\/chuncholodge.com\/es\/wp-json\/wp\/v2\/product_cat?post=5414"},{"taxonomy":"product_tag","embeddable":true,"href":"https:\/\/chuncholodge.com\/es\/wp-json\/wp\/v2\/product_tag?post=5414"}],"curies":[{"name":"wp","href":"https:\/\/api.w.org\/{rel}","templated":true}]}}