{"id":1336,"date":"2017-07-10T00:00:49","date_gmt":"2017-07-10T00:00:49","guid":{"rendered":"http:\/\/adventure-tours.themedelight.com\/?post_type=product&#038;p=132"},"modified":"2026-03-12T04:20:17","modified_gmt":"2026-03-12T04:20:17","slug":"collpa-guacamayos-lago-sandoval-4-dias","status":"publish","type":"product","link":"https:\/\/chuncholodge.com\/es\/paquetes\/collpa-guacamayos-lago-sandoval-4-dias\/","title":{"rendered":"Collpa Guacamayos &#038; Lago Sandoval 4 D\u00edas"},"content":{"rendered":"<p>Disfrute de la Reserva Nacional Tambopata visitando los dos atractivos tur\u00edsticos m\u00e1s importantes, la collpa de los guacamayos y el Lago Sandoval.<\/p>\n<p><!--more--><\/p>\n<table class=\"table table-bordered tours-tabs__table\" style=\"height: 233px;\" width=\"862\">\n<tbody>\n<tr>\n<td><strong>SALIDA\/RETORNO<\/strong><\/td>\n<td>Puerto Maldonado<\/td>\n<\/tr>\n<tr>\n<td><strong>HORA DE SALIDA<\/strong><\/td>\n<td>Por favor llegue 1 hora antes<\/td>\n<\/tr>\n<tr>\n<td><strong>VESTIMENTA<\/strong><\/td>\n<td>Ropa c\u00f3moda y ligera, botas de monta\u00f1a, repelente de insectos y protector solar<\/td>\n<\/tr>\n<tr>\n<td><strong>INCLUYE<\/strong><\/td>\n<td>\n<table class=\"table table-bordered\" style=\"height: 62px;\" width=\"300\">\n<tbody>\n<tr>\n<td><i class=\"fa fa-check icon-tick icon-tick--on\"><\/i>Gu\u00eda Profesional<\/td>\n<td><i class=\"fa fa-check icon-tick icon-tick--on\"><\/i>Transporte terrestre y fluvial<\/td>\n<\/tr>\n<tr>\n<td><i class=\"fa fa-check icon-tick icon-tick--on\"><\/i>Entradas para la Reserva Nacional Tambopata<\/td>\n<td><i class=\"fa fa-check icon-tick icon-tick--on\"><\/i>3 desayunos, 3 almuerzos, 3 cenas<\/td>\n<\/tr>\n<tr>\n<td><i class=\"fa fa-check icon-tick icon-tick--on\"><\/i>Alojamiento\u00a0en base a acomodaci\u00f3n doble<\/td>\n<td><\/td>\n<\/tr>\n<\/tbody>\n<\/table>\n<\/td>\n<\/tr>\n<tr>\n<td><b>NO INCLUYE<\/b><\/td>\n<td>\n<table class=\"table table-bordered\" style=\"height: 62px;\" width=\"300\">\n<tbody>\n<tr>\n<td><i class=\"fa fa-times icon-tick icon-tick--off\"><\/i>Equipamiento<\/td>\n<\/tr>\n<tr>\n<td><i class=\"fa fa-times icon-tick icon-tick--off\"><\/i>Propinas<\/td>\n<\/tr>\n<tr>\n<td><i class=\"fa fa-times icon-tick icon-tick--off\"><\/i>Bebidas alcoh\u00f3licas<\/td>\n<\/tr>\n<\/tbody>\n<\/table>\n<\/td>\n<\/tr>\n<tr>\n<td><b>RECOMENDACIONES<\/b><\/td>\n<td>\n<table class=\"table table-bordered\" style=\"height: 62px;\" width=\"300\">\n<tbody>\n<tr>\n<td><i class=\"fa fa-check icon-tick icon-tick--on\"><\/i>Usar ropa ligera<\/td>\n<\/tr>\n<tr>\n<td><i class=\"fa fa-check icon-tick icon-tick--on\"><\/i>Traje de ba\u00f1o<\/td>\n<\/tr>\n<tr>\n<td><i class=\"fa fa-check icon-tick icon-tick--on\"><\/i>Flashlight<\/td>\n<\/tr>\n<tr>\n<td><i class=\"fa fa-check icon-tick icon-tick--on\"><\/i>Repelente de insectos y bloqueador<\/td>\n<\/tr>\n<tr>\n<td><i class=\"fa fa-check icon-tick icon-tick--on\"><\/i>Poncho para lluvia<\/td>\n<\/tr>\n<tr>\n<td><i class=\"fa fa-check icon-tick icon-tick--on\"><\/i>Botella de agua<\/td>\n<\/tr>\n<\/tbody>\n<\/table>\n<\/td>\n<\/tr>\n<\/tbody>\n<\/table>\n","protected":false},"excerpt":{"rendered":"<p>Disfrute de la Reserva Nacional Tambopata visitando los dos atractivos tur\u00edsticos m\u00e1s importantes, la collpa de los guacamayos y el Lago Sandoval.<\/p>\n","protected":false},"featured_media":5450,"comment_status":"open","ping_status":"closed","template":"","meta":[],"product_brand":[],"product_cat":[106],"product_tag":[],"class_list":{"0":"post-1336","1":"product","2":"type-product","3":"status-publish","4":"has-post-thumbnail","6":"product_cat-sin-categoria","8":"first","9":"instock","10":"shipping-taxable","11":"purchasable","12":"product-type-tour"},"_links":{"self":[{"href":"https:\/\/chuncholodge.com\/es\/wp-json\/wp\/v2\/product\/1336","targetHints":{"allow":["GET"]}}],"collection":[{"href":"https:\/\/chuncholodge.com\/es\/wp-json\/wp\/v2\/product"}],"about":[{"href":"https:\/\/chuncholodge.com\/es\/wp-json\/wp\/v2\/types\/product"}],"replies":[{"embeddable":true,"href":"https:\/\/chuncholodge.com\/es\/wp-json\/wp\/v2\/comments?post=1336"}],"wp:featuredmedia":[{"embeddable":true,"href":"https:\/\/chuncholodge.com\/es\/wp-json\/wp\/v2\/media\/5450"}],"wp:attachment":[{"href":"https:\/\/chuncholodge.com\/es\/wp-json\/wp\/v2\/media?parent=1336"}],"wp:term":[{"taxonomy":"product_brand","embeddable":true,"href":"https:\/\/chuncholodge.com\/es\/wp-json\/wp\/v2\/product_brand?post=1336"},{"taxonomy":"product_cat","embeddable":true,"href":"https:\/\/chuncholodge.com\/es\/wp-json\/wp\/v2\/product_cat?post=1336"},{"taxonomy":"product_tag","embeddable":true,"href":"https:\/\/chuncholodge.com\/es\/wp-json\/wp\/v2\/product_tag?post=1336"}],"curies":[{"name":"wp","href":"https:\/\/api.w.org\/{rel}","templated":true}]}}