{"id":159,"date":"2015-07-23T13:51:09","date_gmt":"2015-07-23T13:51:09","guid":{"rendered":"http:\/\/adventure-tours.themedelight.com\/?page_id=159"},"modified":"2017-11-26T16:03:23","modified_gmt":"2017-11-26T16:03:23","slug":"nuestro-albergue","status":"publish","type":"page","link":"https:\/\/chuncholodge.com\/es\/nuestro-albergue\/","title":{"rendered":"Nuestro Albergue"},"content":{"rendered":"<p>Nuestro albergue est\u00e1 dise\u00f1ado para grupos peque\u00f1os, brindando un servicio personalizado a todos nuestros clientes, ya que ahora tenemos 7 caba\u00f1as y para los pr\u00f3ximos a\u00f1os, estamos planeando aumentar nuestra capacidad para tener 14 caba\u00f1as en total, no m\u00e1s. Todas nuestras caba\u00f1as cuentan con ba\u00f1o privado, cubierta con mallas para evitar la entrada de insectos y todas las camas tienen mosquiteros, las ventanas est\u00e1n cerradas con redes para tener una habitaci\u00f3n bien ventilada, para privacidad hay cortinas en todas las ventanas. Todos los ba\u00f1os tienen duchas de agua caliente, aunque no es necesario, pero los clientes lo solicitan, por lo que ofrecemos esto.<\/p>\n<p>Tenemos un restaurante muy agradable con comida que combina los ingredientes locales con la mejor cocina peruana, tambi\u00e9n ofrecemos servicio a <strong>vegetarianos<\/strong> o clientes con requisitos especiales de comida, por favor h\u00e1ganos saber de sus preferencias al hacer su reserva.<\/p>\n<p>[Best_Wordpress_Gallery id=\u00bb3&#8243; gal_title=\u00bbChuncho Lodge\u00bb]<\/p>\n","protected":false},"excerpt":{"rendered":"<p>Nuestro albergue est\u00e1 dise\u00f1ado para grupos peque\u00f1os, brindando un servicio personalizado a todos nuestros clientes, ya que ahora tenemos 7 caba\u00f1as y para los pr\u00f3ximos a\u00f1os, estamos planeando aumentar nuestra capacidad para tener 14 caba\u00f1as en total, no m\u00e1s. Todas nuestras caba\u00f1as cuentan con ba\u00f1o privado, cubierta con mallas para evitar la entrada de insectos<\/p>\n<div class=\"padding-top text-center\"><a href=\"https:\/\/chuncholodge.com\/es\/nuestro-albergue\/\" class=\"atbtn atbtn--medium atbtn--rounded atbtn--transparent\">Leer m\u00e1s<i class=\"atbtn__icon atbtn__icon--right fa fa-long-arrow-right\"><\/i><\/a><\/div>\n","protected":false},"author":1,"featured_media":0,"parent":0,"menu_order":0,"comment_status":"open","ping_status":"closed","template":"","meta":{"footnotes":""},"class_list":["post-159","page","type-page","status-publish","hentry"],"_links":{"self":[{"href":"https:\/\/chuncholodge.com\/es\/wp-json\/wp\/v2\/pages\/159","targetHints":{"allow":["GET"]}}],"collection":[{"href":"https:\/\/chuncholodge.com\/es\/wp-json\/wp\/v2\/pages"}],"about":[{"href":"https:\/\/chuncholodge.com\/es\/wp-json\/wp\/v2\/types\/page"}],"author":[{"embeddable":true,"href":"https:\/\/chuncholodge.com\/es\/wp-json\/wp\/v2\/users\/1"}],"replies":[{"embeddable":true,"href":"https:\/\/chuncholodge.com\/es\/wp-json\/wp\/v2\/comments?post=159"}],"version-history":[{"count":7,"href":"https:\/\/chuncholodge.com\/es\/wp-json\/wp\/v2\/pages\/159\/revisions"}],"predecessor-version":[{"id":1636,"href":"https:\/\/chuncholodge.com\/es\/wp-json\/wp\/v2\/pages\/159\/revisions\/1636"}],"wp:attachment":[{"href":"https:\/\/chuncholodge.com\/es\/wp-json\/wp\/v2\/media?parent=159"}],"curies":[{"name":"wp","href":"https:\/\/api.w.org\/{rel}","templated":true}]}}