{"id":1511,"date":"2015-07-16T16:00:39","date_gmt":"2015-07-16T16:00:39","guid":{"rendered":"http:\/\/adventure-tours.themedelight.com\/?page_id=9"},"modified":"2018-01-12T01:39:35","modified_gmt":"2018-01-12T01:39:35","slug":"contactenos","status":"publish","type":"page","link":"https:\/\/chuncholodge.com\/es\/contactenos\/","title":{"rendered":"Cont\u00e1ctenos"},"content":{"rendered":"<div class=\"wpb-content-wrapper\"><p>[vc_row el_class=\u00bbmargin-bottom\u00bb][vc_column offset=\u00bbvc_col-md-6&#8243;]<div class=\"title\">\n\t\t\t<div class=\"title__subtitle\">Le gustar\u00eda conversar?<\/div>\n\t\t<h3 class=\"title__primary\">Detalles de Contacto<\/h3>\n<\/div>\n[vc_column_text]<\/p>\n<p>Si tiene una historia para compartir o una pregunta que no ha sido respondida en nuestro sitio web, p\u00f3ngase en contacto con nosotros a trav\u00e9s de los datos de contacto que figuran a continuaci\u00f3n o complete el formulario a la derecha.<\/p>\n<p><span style=\"color: #ff0000;\"><strong>Cont\u00e1ctenos<\/strong> <\/span>antes de pagar, necesita verificar disponibilidad.<\/p>\n<p>Adem\u00e1s, si tienes un requisito especial es necesario estar en contacto desde el principio.<\/p>\n<p>Reservar con nosotros significa que necesitamos preparar toda la log\u00edstica antes de su llegada y hacer nuestros mejores esfuerzos para brindarle un servicio de calidad, por lo que nos tomamos muy en serio toda reserva.<\/p>\n<p>Tenga en cuenta que Chuncho Lodge no tiene ninguna responsabilidad por los pagos sin verificaci\u00f3n previa de disponibilidad en nuestro albergue.<\/p>\n<p>Nuestros precios son para pasajeros individuales, pero solo realizamos operaciones de viaje con m\u00e1s de 2 clientes.<\/p>\n<p>Gracias.<\/p>\n<p><strong><em>Equipo Chuncho Lodge<\/em><\/strong>[\/vc_column_text]<div class=\"contact-info\">\n\t\t\t<div class=\"contact-info__item\">\n\t\t\t<div class=\"contact-info__item__icon\"><i class=\"fa fa-map-marker\"><\/i><\/div>\n\t\t\t<div class=\"contact-info__item__text\">Av. Ucayali Cuadra 1<\/div>\n\t\t<\/div>\n\t\n\t<div class=\"contact-info__item\"><a href=\"tel:+51082351535\"><span class=\"contact-info__item__icon\"><i class=\"fa fa-phone\"><\/i><\/span><span class=\"contact-info__item__text\">+51 082 351 535<\/span><\/a><\/div>\n\t<div class=\"contact-info__item\"><a href=\"tel:+51992214407\"><span class=\"contact-info__item__icon\"><i class=\"fa fa-mobile contact-info__item__icon__mobile\"><\/i><\/span><span class=\"contact-info__item__text\">+51 992 214 407<\/span><\/a><\/div>\n\t<div class=\"contact-info__item\"><a href=\"mailto:reservas@chuncholodge.com\"><span class=\"contact-info__item__icon\"><i class=\"fa fa-envelope contact-info__item__icon__email\"><\/i><\/span><span class=\"contact-info__item__text\">reservas@chuncholodge.com<\/span><\/a><\/div>\n\t<div class=\"contact-info__item\"><a href=\"skype:chuncholodge\"><span class=\"contact-info__item__icon\"><i class=\"fa fa-skype\"><\/i><\/span><span class=\"contact-info__item__text\">chuncholodge<\/span><\/a><\/div><\/div>\n[vc_empty_space height=\u00bb20px\u00bb]<div class=\"social-icons social-icons--square\">\n\t<div class=\"social-icons__icons\">\n\t<a href=\"https:\/\/www.facebook.com\/chuncholodge\/\" class=\"social-icons__icon social-icons__icon--facebook\"><i class=\"fa fa-facebook\"><\/i><\/a><a href=\"https:\/\/www.youtube.com\/user\/tambopatadventure\" class=\"social-icons__icon social-icons__icon--youtube\"><i class=\"fa fa-youtube\"><\/i><\/a><a href=\"https:\/\/www.tripadvisor.com\/Hotel_Review-g298441-d6672272-Reviews-Chuncho_Lodge-Puerto_Maldonado_Madre_de_Dios_Region.html\" class=\"social-icons__icon social-icons__icon--tripadvisor\"><i class=\"fa fa-tripadvisor\"><\/i><\/a>\t<\/div>\n<\/div>\n[\/vc_column][vc_column offset=\u00bbvc_col-md-6&#8243;][vc_empty_space height=\u00bb40px\u00bb el_class=\u00bbvisible-sm visible-xs\u00bb]<div class=\"title\">\n\t\t\t<div class=\"title__subtitle\">Tiene dudas?<\/div>\n\t\t<h3 class=\"title__primary\">Entre en contacto<\/h3>\n<\/div>\n\n<div class=\"wpcf7 no-js\" id=\"wpcf7-f4-o1\" lang=\"es-ES\" dir=\"ltr\" data-wpcf7-id=\"4\">\n<div class=\"screen-reader-response\"><p role=\"status\" aria-live=\"polite\" aria-atomic=\"true\"><\/p> <ul><\/ul><\/div>\n<form action=\"\/es\/wp-json\/wp\/v2\/pages\/1511#wpcf7-f4-o1\" method=\"post\" class=\"wpcf7-form init\" aria-label=\"Formulario de contacto\" novalidate=\"novalidate\" data-status=\"init\">\n<fieldset class=\"hidden-fields-container\"><input type=\"hidden\" name=\"_wpcf7\" value=\"4\" \/><input type=\"hidden\" name=\"_wpcf7_version\" value=\"6.1.5\" \/><input type=\"hidden\" name=\"_wpcf7_locale\" value=\"es_ES\" \/><input type=\"hidden\" name=\"_wpcf7_unit_tag\" value=\"wpcf7-f4-o1\" \/><input type=\"hidden\" name=\"_wpcf7_container_post\" value=\"0\" \/><input type=\"hidden\" name=\"_wpcf7_posted_data_hash\" value=\"\" \/>\n<\/fieldset>\n<div class=\"form-contact\">\n\t<div class=\"form-contact__fields-short\">\n\t\t<div class=\"form-contact__item-short\">\n\t\t\t<p><span class=\"wpcf7-form-control-wrap\" data-name=\"your-name\"><input size=\"40\" maxlength=\"400\" class=\"wpcf7-form-control wpcf7-text wpcf7-validates-as-required\" aria-required=\"true\" aria-invalid=\"false\" placeholder=\"Tu nombre\" value=\"\" type=\"text\" name=\"your-name\" \/><\/span>\n\t\t\t<\/p>\n\t\t<\/div>\n\t\t<div class=\"form-contact__item-short\">\n\t\t\t<p><span class=\"wpcf7-form-control-wrap\" data-name=\"your-email\"><input size=\"40\" maxlength=\"400\" class=\"wpcf7-form-control wpcf7-email wpcf7-validates-as-required wpcf7-text wpcf7-validates-as-email\" aria-required=\"true\" aria-invalid=\"false\" placeholder=\"Email\" value=\"\" type=\"email\" name=\"your-email\" \/><\/span>\n\t\t\t<\/p>\n\t\t<\/div>\n\t<\/div>\n\t<div class=\"form-contact__fields-short\">\n\t\t<p><span class=\"wpcf7-form-control-wrap\" data-name=\"your-subject\"><input size=\"40\" maxlength=\"400\" class=\"wpcf7-form-control wpcf7-text wpcf7-validates-as-required\" aria-required=\"true\" aria-invalid=\"false\" placeholder=\"Asunto\" value=\"\" type=\"text\" name=\"your-subject\" \/><\/span>\n\t\t<\/p>\n\t<\/div>\n\t<p><span class=\"wpcf7-form-control-wrap\" data-name=\"your-message\"><textarea cols=\"0\" rows=\"0\" maxlength=\"2000\" class=\"wpcf7-form-control wpcf7-textarea\" aria-invalid=\"false\" placeholder=\"Mensaje\" name=\"your-message\"><\/textarea><\/span><br \/>\n<button type=\"submit\" class=\"button button--style1 button--with-icon\"><i class=\"fa fa-paper-plane\"><\/i>Enviar mensaje<\/button>\n\t<\/p>\n<\/div><input type='hidden' class='wpcf7-pum' value='{\"closepopup\":false,\"closedelay\":0,\"openpopup\":false,\"openpopup_id\":0}' \/><div class=\"wpcf7-response-output\" aria-hidden=\"true\"><\/div>\n<\/form>\n<\/div>\n[\/vc_column][\/vc_row][vc_row][vc_column]<div id=\"googleMapCanvas1\" class=\"google-map stick-to-bottom\"><\/div>[\/vc_column][\/vc_row]<\/p>\n<\/div>","protected":false},"excerpt":{"rendered":"<p>[vc_row el_class=\u00bbmargin-bottom\u00bb][vc_column offset=\u00bbvc_col-md-6&#8243;][vc_column_text] Si tiene una historia para compartir o una pregunta que no ha sido respondida en nuestro sitio web, p\u00f3ngase en contacto con nosotros a trav\u00e9s de los datos de contacto que figuran a continuaci\u00f3n o complete el formulario a la derecha. Cont\u00e1ctenos antes de pagar, necesita verificar disponibilidad. Adem\u00e1s, si tienes un<\/p>\n<div class=\"padding-top text-center\"><a href=\"https:\/\/chuncholodge.com\/es\/contactenos\/\" class=\"atbtn atbtn--medium atbtn--rounded atbtn--transparent\">Leer m\u00e1s<i class=\"atbtn__icon atbtn__icon--right fa fa-long-arrow-right\"><\/i><\/a><\/div>\n","protected":false},"author":1,"featured_media":0,"parent":0,"menu_order":0,"comment_status":"open","ping_status":"closed","template":"","meta":{"footnotes":""},"class_list":["post-1511","page","type-page","status-publish","hentry"],"_links":{"self":[{"href":"https:\/\/chuncholodge.com\/es\/wp-json\/wp\/v2\/pages\/1511","targetHints":{"allow":["GET"]}}],"collection":[{"href":"https:\/\/chuncholodge.com\/es\/wp-json\/wp\/v2\/pages"}],"about":[{"href":"https:\/\/chuncholodge.com\/es\/wp-json\/wp\/v2\/types\/page"}],"author":[{"embeddable":true,"href":"https:\/\/chuncholodge.com\/es\/wp-json\/wp\/v2\/users\/1"}],"replies":[{"embeddable":true,"href":"https:\/\/chuncholodge.com\/es\/wp-json\/wp\/v2\/comments?post=1511"}],"version-history":[{"count":7,"href":"https:\/\/chuncholodge.com\/es\/wp-json\/wp\/v2\/pages\/1511\/revisions"}],"predecessor-version":[{"id":1687,"href":"https:\/\/chuncholodge.com\/es\/wp-json\/wp\/v2\/pages\/1511\/revisions\/1687"}],"wp:attachment":[{"href":"https:\/\/chuncholodge.com\/es\/wp-json\/wp\/v2\/media?parent=1511"}],"curies":[{"name":"wp","href":"https:\/\/api.w.org\/{rel}","templated":true}]}}